{"id":13239,"date":"2026-01-11T21:43:52","date_gmt":"2026-01-12T00:43:52","guid":{"rendered":"https:\/\/fcm-principal-site-hnbhb3c8czgzb8fr.westus2-01.azurewebsites.net\/?page_id=13239"},"modified":"2026-01-12T20:10:55","modified_gmt":"2026-01-12T23:10:55","slug":"politicas-de-privacidade","status":"publish","type":"page","link":"https:\/\/fcm-principal-site-hnbhb3c8czgzb8fr.westus2-01.azurewebsites.net\/en\/politicas-de-privacidade\/","title":{"rendered":"Pol\u00edticas de Privacidade"},"content":{"rendered":"<div data-elementor-type=\"wp-page\" data-elementor-id=\"13239\" class=\"elementor elementor-13239\">\n\t\t\t\t<div class=\"elementor-element elementor-element-0a1b322 e-con-full e-flex e-con e-parent\" data-id=\"0a1b322\" data-element_type=\"container\" data-settings=\"{&quot;background_background&quot;:&quot;classic&quot;}\">\n\t\t<div class=\"elementor-element elementor-element-1e9ccfc arrow-wrap e-flex e-con-boxed e-con e-child\" data-id=\"1e9ccfc\" data-element_type=\"container\" data-settings=\"{&quot;background_background&quot;:&quot;classic&quot;}\">\n\t\t\t\t\t<div class=\"e-con-inner\">\n\t\t\t\t<div class=\"elementor-element elementor-element-b596b5a elementor-widget elementor-widget-text-editor\" data-id=\"b596b5a\" data-element_type=\"widget\" data-widget_type=\"text-editor.default\">\n\t\t\t\t<div class=\"elementor-widget-container\">\n\t\t\t\t\t\t\t\t\t<h1 data-start=\"264\" data-end=\"303\"><strong data-start=\"266\" data-end=\"303\">Pol\u00edtica de Privacidade \u2013 FCM Law<\/strong><\/h1><p data-start=\"305\" data-end=\"348\"><strong data-start=\"305\" data-end=\"326\">Data de vig\u00eancia:<\/strong> 12 de janeiro de 2026<\/p><p data-start=\"350\" data-end=\"800\">A presente <strong data-start=\"361\" data-end=\"388\">Pol\u00edtica de Privacidade<\/strong> explica como a FCM Law (\u201c<strong data-start=\"414\" data-end=\"421\">n\u00f3s<\/strong>\u201d, \u201c<strong data-start=\"425\" data-end=\"437\">nosso(a)<\/strong>\u201d, \u201c<strong data-start=\"441\" data-end=\"448\">FCM<\/strong>\u201d) coleta, usa, armazena, compartilha e protege os dados pessoais dos usu\u00e1rios (\u201c<strong data-start=\"529\" data-end=\"537\">voc\u00ea<\/strong>\u201d, \u201c<strong data-start=\"541\" data-end=\"551\">seu(s)<\/strong>\u201d) que acessam e utilizam os servi\u00e7os e conte\u00fados disponibilizados no site <strong data-start=\"626\" data-end=\"649\"><a class=\"decorated-link\" href=\"https:\/\/fcm.law\/\" target=\"_new\" rel=\"noopener\" data-start=\"628\" data-end=\"647\">https:\/\/fcm.law\/<\/a><\/strong> (\u201c<strong data-start=\"652\" data-end=\"660\">Site<\/strong>\u201d), em conformidade com as leis aplic\u00e1veis de prote\u00e7\u00e3o de dados, incluindo a <strong data-start=\"737\" data-end=\"799\">Lei Geral de Prote\u00e7\u00e3o de Dados (LGPD \u2013 Lei n\u00ba 13.709\/2018)<\/strong>.<\/p><h2 data-start=\"802\" data-end=\"831\"><strong data-start=\"805\" data-end=\"831\">1. Dados que Coletamos<\/strong><\/h2><p data-start=\"833\" data-end=\"929\">Podemos coletar os seguintes tipos de informa\u00e7\u00f5es quando voc\u00ea acessa ou interage com nosso Site:<\/p><h3 data-start=\"931\" data-end=\"987\"><strong data-start=\"935\" data-end=\"987\">1.1. Informa\u00e7\u00f5es fornecidas diretamente por voc\u00ea<\/strong><\/h3><ul data-start=\"988\" data-end=\"1170\"><li data-start=\"988\" data-end=\"1005\"><p data-start=\"990\" data-end=\"1005\">Nome completo<\/p><\/li><li data-start=\"1006\" data-end=\"1028\"><p data-start=\"1008\" data-end=\"1028\">Endere\u00e7o de e-mail<\/p><\/li><li data-start=\"1029\" data-end=\"1051\"><p data-start=\"1031\" data-end=\"1051\">N\u00famero de telefone<\/p><\/li><li data-start=\"1052\" data-end=\"1081\"><p data-start=\"1054\" data-end=\"1081\">Informa\u00e7\u00f5es profissionais<\/p><\/li><li data-start=\"1082\" data-end=\"1170\"><p data-start=\"1084\" data-end=\"1170\">Qualquer outro dado que voc\u00ea fornecer voluntariamente em formul\u00e1rios ou campos do Site<\/p><\/li><\/ul><h3 data-start=\"1172\" data-end=\"1222\"><strong data-start=\"1176\" data-end=\"1222\">1.2. Informa\u00e7\u00f5es coletadas automaticamente<\/strong><\/h3><ul data-start=\"1223\" data-end=\"1384\"><li data-start=\"1223\" data-end=\"1238\"><p data-start=\"1225\" data-end=\"1238\">Endere\u00e7o IP<\/p><\/li><li data-start=\"1239\" data-end=\"1312\"><p data-start=\"1241\" data-end=\"1312\">Dados de navega\u00e7\u00e3o (p\u00e1ginas visitadas, tempo de perman\u00eancia, cliques)<\/p><\/li><li data-start=\"1313\" data-end=\"1348\"><p data-start=\"1315\" data-end=\"1348\">Tipo de dispositivo e navegador<\/p><\/li><li data-start=\"1349\" data-end=\"1384\"><p data-start=\"1351\" data-end=\"1384\">Cookies e tecnologias semelhantes<\/p><\/li><\/ul><h2 data-start=\"1386\" data-end=\"1422\"><strong data-start=\"1389\" data-end=\"1422\">2. Como Utilizamos seus Dados<\/strong><\/h2><p data-start=\"1424\" data-end=\"1503\">Os dados pessoais coletados podem ser utilizados para as seguintes finalidades:<\/p><ul data-start=\"1505\" data-end=\"1848\"><li data-start=\"1505\" data-end=\"1557\"><p data-start=\"1507\" data-end=\"1557\">Responder suas solicita\u00e7\u00f5es, d\u00favidas e mensagens<\/p><\/li><li data-start=\"1558\" data-end=\"1630\"><p data-start=\"1560\" data-end=\"1630\">Enviar comunica\u00e7\u00f5es e conte\u00fados relacionados aos servi\u00e7os oferecidos<\/p><\/li><li data-start=\"1631\" data-end=\"1671\"><p data-start=\"1633\" data-end=\"1671\">Personalizar sua experi\u00eancia no Site<\/p><\/li><li data-start=\"1672\" data-end=\"1718\"><p data-start=\"1674\" data-end=\"1718\">Melhorar a qualidade e performance do Site<\/p><\/li><li data-start=\"1719\" data-end=\"1804\"><p data-start=\"1721\" data-end=\"1804\">Enviar atualiza\u00e7\u00f5es, newsletters ou material informativo (mediante consentimento)<\/p><\/li><li data-start=\"1805\" data-end=\"1848\"><p data-start=\"1807\" data-end=\"1848\">Cumprir obriga\u00e7\u00f5es legais ou regulat\u00f3rias<\/p><\/li><\/ul><h2 data-start=\"1850\" data-end=\"1897\"><strong data-start=\"1853\" data-end=\"1897\">3. Base Legal para o Tratamento de Dados<\/strong><\/h2><p data-start=\"1899\" data-end=\"1965\">O tratamento de seus dados pessoais baseia-se, conforme aplic\u00e1vel:<\/p><ul data-start=\"1967\" data-end=\"2185\"><li data-start=\"1967\" data-end=\"2009\"><p data-start=\"1969\" data-end=\"2009\">No seu consentimento (art. 7\u00ba da LGPD)<\/p><\/li><li data-start=\"2010\" data-end=\"2053\"><p data-start=\"2012\" data-end=\"2053\">Na execu\u00e7\u00e3o de contrato ou pr\u00e9-contrato<\/p><\/li><li data-start=\"2054\" data-end=\"2106\"><p data-start=\"2056\" data-end=\"2106\">No cumprimento de obriga\u00e7\u00e3o legal ou regulat\u00f3ria<\/p><\/li><li data-start=\"2107\" data-end=\"2185\"><p data-start=\"2109\" data-end=\"2185\">Nos nossos leg\u00edtimos interesses para opera\u00e7\u00e3o, manuten\u00e7\u00e3o e melhoria do Site<\/p><\/li><\/ul><h2 data-start=\"2187\" data-end=\"2222\"><strong data-start=\"2190\" data-end=\"2222\">4. Compartilhamento de Dados<\/strong><\/h2><p data-start=\"2224\" data-end=\"2264\">Seus dados podem ser compartilhados com:<\/p><ul data-start=\"2266\" data-end=\"2579\"><li data-start=\"2266\" data-end=\"2401\"><p data-start=\"2268\" data-end=\"2401\"><strong data-start=\"2268\" data-end=\"2309\">Prestadores de servi\u00e7os terceirizados<\/strong> que nos auxiliam em opera\u00e7\u00f5es de TI, hospedagem, an\u00e1lise de dados e envio de comunica\u00e7\u00f5es<\/p><\/li><li data-start=\"2402\" data-end=\"2504\"><p data-start=\"2404\" data-end=\"2504\"><strong data-start=\"2404\" data-end=\"2442\">Autoridades legais ou regulat\u00f3rias<\/strong>, quando exigido por lei ou mediante requisi\u00e7\u00e3o legal v\u00e1lida<\/p><\/li><li data-start=\"2505\" data-end=\"2579\"><p data-start=\"2507\" data-end=\"2579\"><strong data-start=\"2507\" data-end=\"2531\">Parceiros comerciais<\/strong>, caso voc\u00ea tenha consentido com essa finalidade<\/p><\/li><\/ul><h2 data-start=\"2581\" data-end=\"2616\"><strong data-start=\"2584\" data-end=\"2616\">5. Seguran\u00e7a das Informa\u00e7\u00f5es<\/strong><\/h2><p data-start=\"2618\" data-end=\"2777\">Implementamos medidas t\u00e9cnicas e organizacionais adequadas para proteger seus dados pessoais contra acesso n\u00e3o autorizado, altera\u00e7\u00e3o, divulga\u00e7\u00e3o ou destrui\u00e7\u00e3o.<\/p><h2 data-start=\"2779\" data-end=\"2822\"><strong data-start=\"2782\" data-end=\"2822\">6. Cookies e Tecnologias Semelhantes<\/strong><\/h2><p data-start=\"2824\" data-end=\"3020\">Utilizamos <strong data-start=\"2835\" data-end=\"2846\">cookies<\/strong> e tecnologias semelhantes para melhorar sua experi\u00eancia e coletar informa\u00e7\u00f5es sobre uso do Site. Voc\u00ea pode ajustar as configura\u00e7\u00f5es de cookies no seu navegador, se preferir.<\/p><h2 data-start=\"3022\" data-end=\"3045\"><strong data-start=\"3025\" data-end=\"3045\">7. Seus Direitos<\/strong><\/h2><p data-start=\"3047\" data-end=\"3086\">Nos termos da LGPD, voc\u00ea tem direito a:<\/p><ul data-start=\"3088\" data-end=\"3404\"><li data-start=\"3088\" data-end=\"3143\"><p data-start=\"3090\" data-end=\"3143\">Confirmar a exist\u00eancia de tratamento dos seus dados<\/p><\/li><li data-start=\"3144\" data-end=\"3175\"><p data-start=\"3146\" data-end=\"3175\">Acessar seus dados pessoais<\/p><\/li><li data-start=\"3176\" data-end=\"3236\"><p data-start=\"3178\" data-end=\"3236\">Corrigir dados incompletos, imprecisos ou desatualizados<\/p><\/li><li data-start=\"3237\" data-end=\"3311\"><p data-start=\"3239\" data-end=\"3311\">Solicitar anonimiza\u00e7\u00e3o, bloqueio ou elimina\u00e7\u00e3o de dados desnecess\u00e1rios<\/p><\/li><li data-start=\"3312\" data-end=\"3349\"><p data-start=\"3314\" data-end=\"3349\">Revogar o consentimento fornecido<\/p><\/li><li data-start=\"3350\" data-end=\"3404\"><p data-start=\"3352\" data-end=\"3404\">Obter portabilidade dos dados em formato estruturado<\/p><\/li><\/ul><p data-start=\"3406\" data-end=\"3514\">Para exercer seus direitos ou solicitar informa\u00e7\u00f5es adicionais, entre em contato conosco pelo e-mail abaixo.<\/p><h2 data-start=\"3516\" data-end=\"3543\"><strong data-start=\"3519\" data-end=\"3543\">8. Reten\u00e7\u00e3o de Dados<\/strong><\/h2><p data-start=\"3545\" data-end=\"3700\">Reteremos seus dados pelo tempo necess\u00e1rio para cumprir as finalidades descritas nesta Pol\u00edtica, ou pelo per\u00edodo exigido por lei e regulamentos aplic\u00e1veis.<\/p><h2 data-start=\"3702\" data-end=\"3737\"><strong data-start=\"3705\" data-end=\"3737\">9. Altera\u00e7\u00f5es nesta Pol\u00edtica<\/strong><\/h2><p data-start=\"3739\" data-end=\"3891\">Podemos atualizar esta Pol\u00edtica de Privacidade periodicamente. A vers\u00e3o mais recente ser\u00e1 sempre publicada neste Site com a data de vig\u00eancia atualizada.<\/p><h2 data-start=\"3893\" data-end=\"3911\"><strong data-start=\"3896\" data-end=\"3911\">10. Contato<\/strong><\/h2><p data-start=\"3913\" data-end=\"4043\">Se voc\u00ea tiver d\u00favidas, solicita\u00e7\u00f5es ou desejar exercer seus direitos em rela\u00e7\u00e3o aos seus dados pessoais, entre em contato conosco:<\/p><p data-start=\"4045\" data-end=\"4110\">\ud83d\udce7 <strong data-start=\"4048\" data-end=\"4059\">E-mail:<\/strong> <a class=\"decorated-link cursor-pointer\" rel=\"noopener\" data-start=\"4060\" data-end=\"4075\">contato@fcm.law<\/a><br data-start=\"4075\" data-end=\"4078\" \/>\ud83c\udf10 <strong data-start=\"4081\" data-end=\"4090\">Site:<\/strong> <a class=\"decorated-link\" href=\"https:\/\/fcm.law\/\" target=\"_new\" rel=\"noopener\" data-start=\"4091\" data-end=\"4110\">https:\/\/fcm.law\/<\/a><\/p>\t\t\t\t\t\t\t\t<\/div>\n\t\t\t\t<\/div>\n\t\t\t\t\t<\/div>\n\t\t\t\t<\/div>\n\t\t\t\t<\/div>\n\t\t<div class=\"elementor-element elementor-element-59ac3ab arrow-wrap e-con-full e-flex e-con e-parent\" data-id=\"59ac3ab\" data-element_type=\"container\" id=\"contato\">\n\t\t\t\t<\/div>\n\t\t<div class=\"elementor-element elementor-element-5d4efc9 e-con-full arrow-wrap e-flex e-con e-parent\" data-id=\"5d4efc9\" data-element_type=\"container\">\n\t\t\t\t<\/div>\n\t\t\t\t<\/div>","protected":false},"excerpt":{"rendered":"<p>Pol\u00edtica de Privacidade \u2013 FCM Law Data de vig\u00eancia: 12 de janeiro de 2026 A presente Pol\u00edtica de Privacidade explica como a FCM Law (\u201cn\u00f3s\u201d, \u201cnosso(a)\u201d, \u201cFCM\u201d) coleta, usa, armazena, compartilha e protege os dados pessoais dos usu\u00e1rios (\u201cvoc\u00ea\u201d, \u201cseu(s)\u201d) que acessam e utilizam os servi\u00e7os e conte\u00fados disponibilizados no site https:\/\/fcm.law\/ (\u201cSite\u201d), em conformidade&#8230;<\/p>","protected":false},"author":1,"featured_media":0,"parent":0,"menu_order":0,"comment_status":"closed","ping_status":"closed","template":"template-builder.php","meta":{"footnotes":""},"class_list":["post-13239","page","type-page","status-publish","hentry"],"_links":{"self":[{"href":"https:\/\/fcm-principal-site-hnbhb3c8czgzb8fr.westus2-01.azurewebsites.net\/en\/wp-json\/wp\/v2\/pages\/13239","targetHints":{"allow":["GET"]}}],"collection":[{"href":"https:\/\/fcm-principal-site-hnbhb3c8czgzb8fr.westus2-01.azurewebsites.net\/en\/wp-json\/wp\/v2\/pages"}],"about":[{"href":"https:\/\/fcm-principal-site-hnbhb3c8czgzb8fr.westus2-01.azurewebsites.net\/en\/wp-json\/wp\/v2\/types\/page"}],"author":[{"embeddable":true,"href":"https:\/\/fcm-principal-site-hnbhb3c8czgzb8fr.westus2-01.azurewebsites.net\/en\/wp-json\/wp\/v2\/users\/1"}],"replies":[{"embeddable":true,"href":"https:\/\/fcm-principal-site-hnbhb3c8czgzb8fr.westus2-01.azurewebsites.net\/en\/wp-json\/wp\/v2\/comments?post=13239"}],"version-history":[{"count":10,"href":"https:\/\/fcm-principal-site-hnbhb3c8czgzb8fr.westus2-01.azurewebsites.net\/en\/wp-json\/wp\/v2\/pages\/13239\/revisions"}],"predecessor-version":[{"id":13252,"href":"https:\/\/fcm-principal-site-hnbhb3c8czgzb8fr.westus2-01.azurewebsites.net\/en\/wp-json\/wp\/v2\/pages\/13239\/revisions\/13252"}],"wp:attachment":[{"href":"https:\/\/fcm-principal-site-hnbhb3c8czgzb8fr.westus2-01.azurewebsites.net\/en\/wp-json\/wp\/v2\/media?parent=13239"}],"curies":[{"name":"wp","href":"https:\/\/api.w.org\/{rel}","templated":true}]}}