{"id":11069,"date":"2025-07-07T09:12:45","date_gmt":"2025-07-07T12:12:45","guid":{"rendered":"https:\/\/fcm-principal-site-hnbhb3c8czgzb8fr.westus2-01.azurewebsites.net\/?page_id=11069"},"modified":"2026-02-26T10:22:22","modified_gmt":"2026-02-26T13:22:22","slug":"corporate-innovation","status":"publish","type":"page","link":"https:\/\/fcm-principal-site-hnbhb3c8czgzb8fr.westus2-01.azurewebsites.net\/en\/corporate-innovation\/","title":{"rendered":"Corporate Innovation"},"content":{"rendered":"<div data-elementor-type=\"wp-page\" data-elementor-id=\"11069\" class=\"elementor elementor-11069\">\n\t\t\t\t\t\t<section class=\"elementor-section elementor-top-section elementor-element elementor-element-4a800654 elementor-section-boxed elementor-section-height-default elementor-section-height-default\" data-id=\"4a800654\" data-element_type=\"section\" data-settings=\"{&quot;background_background&quot;:&quot;classic&quot;}\">\n\t\t\t\t\t\t<div class=\"elementor-container elementor-column-gap-no\">\n\t\t\t\t\t<div class=\"elementor-column elementor-col-100 elementor-top-column elementor-element elementor-element-1d3b9efc\" data-id=\"1d3b9efc\" data-element_type=\"column\">\n\t\t\t<div class=\"elementor-widget-wrap elementor-element-populated\">\n\t\t\t\t\t\t<section class=\"elementor-section elementor-inner-section elementor-element elementor-element-2202ec6e elementor-section-full_width elementor-section-height-default elementor-section-height-default\" data-id=\"2202ec6e\" data-element_type=\"section\">\n\t\t\t\t\t\t<div class=\"elementor-container elementor-column-gap-no\">\n\t\t\t\t\t<div class=\"elementor-column elementor-col-50 elementor-inner-column elementor-element elementor-element-3ec19dd5 page-single\" data-id=\"3ec19dd5\" data-element_type=\"column\">\n\t\t\t<div class=\"elementor-widget-wrap elementor-element-populated\">\n\t\t\t\t\t\t<div class=\"elementor-element elementor-element-24292833 page-img elementor-widget elementor-widget-image\" data-id=\"24292833\" data-element_type=\"widget\" data-widget_type=\"image.default\">\n\t\t\t\t<div class=\"elementor-widget-container\">\n\t\t\t\t\t\t\t\t\t\t\t\t\t\t\t<img fetchpriority=\"high\" decoding=\"async\" width=\"789\" height=\"500\" src=\"\/wp-content\/uploads\/2025\/07\/Visual-Law.jpg\" class=\"attachment-full size-full wp-image-11171\" alt=\"\" srcset=\"\/wp-content\/uploads\/2025\/07\/Visual-Law.jpg 789w, \/wp-content\/uploads\/2025\/07\/Visual-Law-300x190.jpg 300w, \/wp-content\/uploads\/2025\/07\/Visual-Law-768x487.jpg 768w\" sizes=\"(max-width: 789px) 100vw, 789px\" \/>\t\t\t\t\t\t\t\t\t\t\t\t\t\t\t<\/div>\n\t\t\t\t<\/div>\n\t\t\t\t<div class=\"elementor-element elementor-element-3e358639 h3 page-title elementor-widget elementor-widget-heading\" data-id=\"3e358639\" data-element_type=\"widget\" data-widget_type=\"heading.default\">\n\t\t\t\t<div class=\"elementor-widget-container\">\n\t\t\t\t\t<h3 class=\"elementor-heading-title elementor-size-default\">Corporate Innovation<\/h3>\t\t\t\t<\/div>\n\t\t\t\t<\/div>\n\t\t\t\t<div class=\"elementor-element elementor-element-fab3ecb elementor-widget elementor-widget-text-editor\" data-id=\"fab3ecb\" data-element_type=\"widget\" data-widget_type=\"text-editor.default\">\n\t\t\t\t<div class=\"elementor-widget-container\">\n\t\t\t\t\t\t\t\t\t<div><div><div>A equipe do FCM Law atua na orienta\u00e7\u00e3o e implementa\u00e7\u00e3o de estrat\u00e9gias de Corporate Innovation por meio de uma assessoria jur\u00eddica na estrutura\u00e7\u00e3o de projetos inovadores. Auxiliamos projetos de Open Innovation de grandes corpora\u00e7\u00f5es, al\u00e9m de facilitar di\u00e1logos de CVC (Corporate Venture Capital), cria\u00e7\u00e3o de concursos, editais de inova\u00e7\u00e3o, hackathons, contrata\u00e7\u00e3o de startups, bem como suporte jur\u00eddico em projetos de tecnologia e spin offs.<\/div><div>\u00a0<\/div><div>Atuamos na estrutura\u00e7\u00e3o de pol\u00edticas internas, cria\u00e7\u00e3o de incentivos para inova\u00e7\u00e3o, avalia\u00e7\u00e3o, revis\u00e3o e reda\u00e7\u00e3o de contratos, MoUs (Memorandos de Entendimento), cartas de inten\u00e7\u00e3o e outros documentos de coopera\u00e7\u00e3o t\u00e9cnica de diversas \u00e1reas jur\u00eddicas, garantindo uma abordagem completa e adaptada \u00e0s necessidades espec\u00edficas de cada cliente.<\/div><div>\u00a0<\/div><div>Al\u00e9m disso, auxiliamos na identifica\u00e7\u00e3o e na negocia\u00e7\u00e3o de parcerias estrat\u00e9gicas com startups e empresas inovadoras que possam complementar seus esfor\u00e7os de inova\u00e7\u00e3o. Incluindo a realiza\u00e7\u00e3o de due diligence para avaliar potenciais parceiros e a estrutura\u00e7\u00e3o de acordos que beneficiem ambas as partes.<\/div><div>\u00a0<\/div><div>Da mesma forma, auxiliamos na estrutura\u00e7\u00e3o regulat\u00f3ria de projetos inovadores no \u00e2mbito de grandes corpora\u00e7\u00f5es, sendo certo que possu\u00edmos track record com grandes empresas nacionais e multinacionais, atuando com gest\u00e3o de projetos jur\u00eddicos inovadores, treinamentos corporativos, pareceres regulat\u00f3rios, legal design de projetos com ativos virtuais, cria\u00e7\u00e3o de plataformas, MVPs e POCs com startups, entre outros.<\/div><div>\u00a0<\/div><div>Estamos comprometidos em fornecer solu\u00e7\u00f5es jur\u00eddicas estrat\u00e9gicas e personalizadas, adaptadas \u00e0s necessidades espec\u00edficas de nossos clientes, ajudando-os a enfrentar os desafios do cen\u00e1rio tecnol\u00f3gico e de inova\u00e7\u00e3o com seguran\u00e7a e efici\u00eancia.<\/div><\/div><\/div>\t\t\t\t\t\t\t\t<\/div>\n\t\t\t\t<\/div>\n\t\t\t\t\t<\/div>\n\t\t<\/div>\n\t\t\t\t<div class=\"elementor-column elementor-col-50 elementor-inner-column elementor-element elementor-element-5496d82e\" data-id=\"5496d82e\" data-element_type=\"column\" data-settings=\"{&quot;background_background&quot;:&quot;classic&quot;}\">\n\t\t\t<div class=\"elementor-widget-wrap elementor-element-populated\">\n\t\t\t\t\t\t<div class=\"elementor-element elementor-element-b822740 elementor-widget elementor-widget-heading\" data-id=\"b822740\" data-element_type=\"widget\" data-widget_type=\"heading.default\">\n\t\t\t\t<div class=\"elementor-widget-container\">\n\t\t\t\t\t<h2 class=\"elementor-heading-title elementor-size-default\">A sua revolu\u00e7\u00e3o jur\u00eddica come\u00e7a agora!<\/h2>\t\t\t\t<\/div>\n\t\t\t\t<\/div>\n\t\t\t\t<div class=\"elementor-element elementor-element-d174ecf elementor-widget elementor-widget-tragacontactus\" data-id=\"d174ecf\" data-element_type=\"widget\" data-widget_type=\"tragacontactus.default\">\n\t\t\t\t<div class=\"elementor-widget-container\">\n\t\t\t\t\t<div>\n<div class=\"wpcf7 no-js\" id=\"wpcf7-f10071-o1\" lang=\"en-US\" dir=\"ltr\" data-wpcf7-id=\"10071\">\n<div class=\"screen-reader-response\"><p role=\"status\" aria-live=\"polite\" aria-atomic=\"true\"><\/p> <ul><\/ul><\/div>\n<form action=\"\/en\/wp-json\/wp\/v2\/pages\/11069#wpcf7-f10071-o1\" method=\"post\" class=\"wpcf7-form init\" aria-label=\"Contact form\" novalidate=\"novalidate\" data-status=\"init\" data-trp-original-action=\"\/en\/wp-json\/wp\/v2\/pages\/11069#wpcf7-f10071-o1\">\n<div style=\"display: none;\">\n<input type=\"hidden\" name=\"_wpcf7\" value=\"10071\" \/>\n<input type=\"hidden\" name=\"_wpcf7_version\" value=\"6.0.6\" \/>\n<input type=\"hidden\" name=\"_wpcf7_locale\" value=\"en_US\" \/>\n<input type=\"hidden\" name=\"_wpcf7_unit_tag\" value=\"wpcf7-f10071-o1\" \/>\n<input type=\"hidden\" name=\"_wpcf7_container_post\" value=\"0\" \/>\n<input type=\"hidden\" name=\"_wpcf7_posted_data_hash\" value=\"\" \/>\n<input type=\"hidden\" name=\"_wpcf7_recaptcha_response\" value=\"\" \/>\n<\/div>\n<div class=\"row\">\n        <div class=\"form-group col-md-6\">\n            <span class=\"wpcf7-form-control-wrap\" data-name=\"text-82\"><input size=\"40\" maxlength=\"400\" class=\"wpcf7-form-control wpcf7-text wpcf7-validates-as-required form-control\" aria-required=\"true\" aria-invalid=\"false\" placeholder=\"Seu nome\" value=\"\" type=\"text\" name=\"text-82\" \/><\/span>\n        <\/div>\n        <div class=\"form-group col-md-6\">\n            <span class=\"wpcf7-form-control-wrap\" data-name=\"your-email\"><input size=\"40\" maxlength=\"400\" class=\"wpcf7-form-control wpcf7-email wpcf7-validates-as-required wpcf7-text wpcf7-validates-as-email form-control\" aria-required=\"true\" aria-invalid=\"false\" placeholder=\"Seu email\" value=\"\" type=\"email\" name=\"your-email\" \/><\/span>\n        <\/div>\n        <div class=\"form-group col-md-6\">\n            <span class=\"wpcf7-form-control-wrap\" data-name=\"tel-378\"><input size=\"40\" maxlength=\"400\" class=\"wpcf7-form-control wpcf7-tel wpcf7-validates-as-required wpcf7-text wpcf7-validates-as-tel form-control\" aria-required=\"true\" aria-invalid=\"false\" placeholder=\"N\u00famero de telefone\" value=\"\" type=\"tel\" name=\"tel-378\" \/><\/span>\n        <\/div>\n        <div class=\"form-group col-md-6\">\n            <span class=\"wpcf7-form-control-wrap\" data-name=\"text-99\"><input size=\"40\" maxlength=\"400\" class=\"wpcf7-form-control wpcf7-text wpcf7-validates-as-required form-control\" aria-required=\"true\" aria-invalid=\"false\" placeholder=\"Por qual servi\u00e7o voc\u00ea busca?\" value=\"\" type=\"text\" name=\"text-99\" \/><\/span> \n        <\/div>\n        <div class=\"form-group col-12\">\n            <span class=\"wpcf7-form-control-wrap\" data-name=\"textarea-783\"><textarea cols=\"40\" rows=\"10\" maxlength=\"2000\" class=\"wpcf7-form-control wpcf7-textarea form-control\" aria-invalid=\"false\" placeholder=\"Alguma d\u00favida? Deixe sua mensagem\" name=\"textarea-783\"><\/textarea><\/span>\n        <\/div>\n        <div class=\"form-btn col-12\">\n <button class=\"th-btn btn-gradient2 style-radius\">Enviar mensagem<\/button>\n        <\/div>\n    <\/div>\n    <p class=\"form-messages mb-0 mt-3\"><\/p><div class=\"wpcf7-response-output\" aria-hidden=\"true\"><\/div>\n<input type=\"hidden\" name=\"trp-form-language\" value=\"en\"\/><\/form>\n<\/div>\n<\/div>\t\t\t\t<\/div>\n\t\t\t\t<\/div>\n\t\t\t\t<div class=\"elementor-element elementor-element-57a7ae3 elementor-widget elementor-widget-heading\" data-id=\"57a7ae3\" data-element_type=\"widget\" data-widget_type=\"heading.default\">\n\t\t\t\t<div class=\"elementor-widget-container\">\n\t\t\t\t\t<h2 class=\"elementor-heading-title elementor-size-default\">Todos os servi\u00e7os<\/h2>\t\t\t\t<\/div>\n\t\t\t\t<\/div>\n\t\t\t\t<div class=\"elementor-element elementor-element-9587efc menu-com-seta elementor-widget elementor-widget-tp-navigation-menu-lite\" data-id=\"9587efc\" data-element_type=\"widget\" data-widget_type=\"tp-navigation-menu-lite.default\">\n\t\t\t\t<div class=\"elementor-widget-container\">\n\t\t\t\t\t\n\t\t<div class=\"plus-navigation-wrap text-left nav-menu69da348ba30df\">\n\t\t\t<div class=\"plus-navigation-inner menu-hover main-menu-indicator-none sub-menu-indicator-none\"  data-menu_transition=\"style-1\">\n\t\t\t\t<div id=\"theplus-navigation-normal-menu\" class=\"collapse navbar-collapse navbar-ex1-collapse\">\n\t\n\t\t\t\t\t<div class=\"plus-navigation-menu menu-horizontal\">\n\t\t\t\t\t\t\n\t\t\t\t\t\t<div class=\"plus-navigation-menu menu-horizontal\"><ul id=\"menu-servicos\" class=\"nav navbar-nav yamm menu-hover-none\"><li id=\"menu-item-11293\" class=\"menu-item menu-item-type-post_type menu-item-object-page animate-dropdown menu-item-11293\" ><a title=\"Prote\u00e7\u00e3o e Gest\u00e3o de Ativos Intelectuais\" href=\"https:\/\/fcm-principal-site-hnbhb3c8czgzb8fr.westus2-01.azurewebsites.net\/en\/protecao-e-gestao-de-ativos-intelectuais\/\" data-text=\"Prote\u00e7\u00e3o e Gest\u00e3o de Ativos Intelectuais\">Prote\u00e7\u00e3o e Gest\u00e3o de Ativos Intelectuais<\/a><\/li>\n<li id=\"menu-item-11294\" class=\"menu-item menu-item-type-post_type menu-item-object-page animate-dropdown menu-item-11294\" ><a title=\"Regula\u00e7\u00e3o e Compliance em Tecnologia\" href=\"https:\/\/fcm-principal-site-hnbhb3c8czgzb8fr.westus2-01.azurewebsites.net\/en\/regulacao-e-compliance-em-tecnologia\/\" data-text=\"Regula\u00e7\u00e3o e Compliance em Tecnologia\">Regula\u00e7\u00e3o e Compliance em Tecnologia<\/a><\/li>\n<li id=\"menu-item-11295\" class=\"menu-item menu-item-type-post_type menu-item-object-page animate-dropdown menu-item-11295\" ><a title=\"Blockchain e web3\" href=\"https:\/\/fcm-principal-site-hnbhb3c8czgzb8fr.westus2-01.azurewebsites.net\/en\/blockchain-e-web3\/\" data-text=\"Blockchain e web3\">Blockchain e web3<\/a><\/li>\n<li id=\"menu-item-11296\" class=\"menu-item menu-item-type-post_type menu-item-object-page animate-dropdown menu-item-11296\" ><a title=\"Venture Capital e M&amp;A\" href=\"https:\/\/fcm-principal-site-hnbhb3c8czgzb8fr.westus2-01.azurewebsites.net\/en\/venture-capital-e-ma\/\" data-text=\"Venture Capital e M&amp;A\">Venture Capital e M&amp;A<\/a><\/li>\n<li id=\"menu-item-11297\" class=\"menu-item menu-item-type-post_type menu-item-object-page animate-dropdown menu-item-11297\" ><a title=\"B2Gov e Fomento\" href=\"https:\/\/fcm-principal-site-hnbhb3c8czgzb8fr.westus2-01.azurewebsites.net\/en\/b2gov-e-formento\/\" data-text=\"B2Gov e Fomento\">B2Gov e Fomento<\/a><\/li>\n<li id=\"menu-item-11298\" class=\"menu-item menu-item-type-post_type menu-item-object-page animate-dropdown menu-item-11298\" ><a title=\"Compliance Tribut\u00e1rio e Cont\u00e1bil\" href=\"https:\/\/fcm-principal-site-hnbhb3c8czgzb8fr.westus2-01.azurewebsites.net\/en\/compliance-tributario-e-contabil\/\" data-text=\"Compliance Tribut\u00e1rio e Cont\u00e1bil\">Compliance Tribut\u00e1rio e Cont\u00e1bil<\/a><\/li>\n<li id=\"menu-item-11299\" class=\"menu-item menu-item-type-post_type menu-item-object-page animate-dropdown menu-item-11299\" ><a title=\"Resolu\u00e7\u00e3o de Disputas Extrajudiciais e Judiciais\" href=\"https:\/\/fcm-principal-site-hnbhb3c8czgzb8fr.westus2-01.azurewebsites.net\/en\/resolucao-de-disputas-extrajudiciais-e-judiciais\/\" data-text=\"Resolu\u00e7\u00e3o de Disputas Extrajudiciais e Judiciais\">Resolu\u00e7\u00e3o de Disputas Extrajudiciais e Judiciais<\/a><\/li>\n<li id=\"menu-item-11301\" class=\"menu-item menu-item-type-post_type menu-item-object-page animate-dropdown menu-item-11301\" ><a title=\"Startups e Empresas de tecnologia\" href=\"https:\/\/fcm-principal-site-hnbhb3c8czgzb8fr.westus2-01.azurewebsites.net\/en\/startups-e-empresas-de-tecnologia\/\" data-text=\"Startups e Empresas de tecnologia\">Startups e Empresas de tecnologia<\/a><\/li>\n<li id=\"menu-item-11302\" class=\"menu-item menu-item-type-post_type menu-item-object-page animate-dropdown menu-item-11302\" ><a title=\"Corporate Innovation\" href=\"https:\/\/fcm-principal-site-hnbhb3c8czgzb8fr.westus2-01.azurewebsites.net\/en\/corporate-innovation\/\" data-text=\"Corporate Innovation\">Corporate Innovation<\/a><\/li>\n<li id=\"menu-item-11303\" class=\"menu-item menu-item-type-post_type menu-item-object-page animate-dropdown menu-item-11303\" ><a title=\"Patrimonial e Sucess\u00f3rio\" href=\"https:\/\/fcm-principal-site-hnbhb3c8czgzb8fr.westus2-01.azurewebsites.net\/en\/patrimonial-e-sucessorio\/\" data-text=\"Patrimonial e Sucess\u00f3rio\">Patrimonial e Sucess\u00f3rio<\/a><\/li>\n<li id=\"menu-item-11304\" class=\"menu-item menu-item-type-post_type menu-item-object-page animate-dropdown menu-item-11304\" ><a title=\"Trabalhista Corporativo\" href=\"https:\/\/fcm-principal-site-hnbhb3c8czgzb8fr.westus2-01.azurewebsites.net\/en\/trabalhista-corporativo\/\" data-text=\"Trabalhista Corporativo\">Trabalhista Corporativo<\/a><\/li>\n<li id=\"menu-item-13065\" class=\"menu-item menu-item-type-post_type menu-item-object-page animate-dropdown menu-item-13065\" ><a title=\"Legal Design e Visual Law\" href=\"https:\/\/fcm-principal-site-hnbhb3c8czgzb8fr.westus2-01.azurewebsites.net\/en\/legal-design-e-visual-law\/\" data-text=\"Legal Design e Visual Law\">Legal Design e Visual Law<\/a><\/li>\n<li id=\"menu-item-13066\" class=\"menu-item menu-item-type-post_type menu-item-object-page animate-dropdown menu-item-13066\" ><a title=\"Legal Ops\" href=\"https:\/\/fcm-principal-site-hnbhb3c8czgzb8fr.westus2-01.azurewebsites.net\/en\/legal-ops\/\" data-text=\"Legal Ops\">Legal Ops<\/a><\/li>\n<li id=\"menu-item-13067\" class=\"menu-item menu-item-type-post_type menu-item-object-page animate-dropdown menu-item-13067\" ><a title=\"Imobili\u00e1rio\" href=\"https:\/\/fcm-principal-site-hnbhb3c8czgzb8fr.westus2-01.azurewebsites.net\/en\/imobiliario\/\" data-text=\"Imobili\u00e1rio\">Imobili\u00e1rio<\/a><\/li>\n<\/ul><\/div>\t\t\t\t\t<\/div>\n\t\t\t\t<\/div>\n\n\t\t\t\t\t\t\t\t\n\t\t\t\t\t<div class=\"plus-mobile-nav-toggle navbar-header mobile-toggle\">\n\t\t\t\t\t\t<div class=\"mobile-plus-toggle-menu plus-collapsed toggle-style-1\" data-target=\"#plus-mobile-nav-toggle-nav-menu69da348ba30df\">\n\t\t\t\t\t\t\t\t\t\t\t\t\t\t<ul class=\"toggle-lines\">\n\t\t\t\t\t\t\t\t<li class=\"toggle-line\"><\/li>\n\t\t\t\t\t\t\t\t<li class=\"toggle-line\"><\/li>\n\t\t\t\t\t\t\t<\/ul>\n\t\t\t\t\t\t\t\t\t\t\t\t\t<\/div>\n\t\t\t\t\t<\/div>\n\t\t\t\t\n\t\t\t\t\t<div id=\"plus-mobile-nav-toggle-nav-menu69da348ba30df\"\n\t\t\t\t\t\tclass=\"plus-mobile-menu  collapse navbar-collapse navbar-ex1-collapse plus-mobile-menu-content\">\n\t\t\t\t\t\t\t\t\t\t\t\t\t\t\t\t\t<\/div>\n\t\t\t\t\t\t\t\t\n\t\t\t<\/div>\n\t\t<\/div>\n\t\t \n\t\t<style>@media (min-width:992px){.plus-navigation-wrap.nav-menu69da348ba30df #theplus-navigation-normal-menu{display: block!important;}.plus-navigation-wrap.nav-menu69da348ba30df #plus-mobile-nav-toggle-nav-menu69da348ba30df.collapse.in{display:none;}}@media (max-width:991px){.plus-navigation-wrap.nav-menu69da348ba30df #theplus-navigation-normal-menu{display:none !important;}.plus-navigation-wrap.nav-menu69da348ba30df .plus-mobile-nav-toggle.mobile-toggle{display: -webkit-flex;display: -moz-flex;display: -ms-flex;display: flex;-webkit-align-items: center;-moz-align-items: center;-ms-align-items: center;align-items: center;-webkit-justify-content: flex-end;-moz-justify-content: flex-end;-ms-justify-content: flex-end;justify-content: flex-end;}}<\/style>\t\t\t\t<\/div>\n\t\t\t\t<\/div>\n\t\t\t\t\t<\/div>\n\t\t<\/div>\n\t\t\t\t\t<\/div>\n\t\t<\/section>\n\t\t\t\t\t<\/div>\n\t\t<\/div>\n\t\t\t\t\t<\/div>\n\t\t<\/section>\n\t\t\t\t<\/div>","protected":false},"excerpt":{"rendered":"<p>Corporate Innovation A equipe do FCM Law atua na orienta\u00e7\u00e3o e implementa\u00e7\u00e3o de estrat\u00e9gias de Corporate Innovation por meio de uma assessoria jur\u00eddica na estrutura\u00e7\u00e3o de projetos inovadores. Auxiliamos projetos de Open Innovation de grandes corpora\u00e7\u00f5es, al\u00e9m de facilitar di\u00e1logos de CVC (Corporate Venture Capital), cria\u00e7\u00e3o de concursos, editais de inova\u00e7\u00e3o, hackathons, contrata\u00e7\u00e3o de startups,&#8230;<\/p>","protected":false},"author":1,"featured_media":0,"parent":0,"menu_order":0,"comment_status":"closed","ping_status":"closed","template":"template-builder.php","meta":{"footnotes":""},"class_list":["post-11069","page","type-page","status-publish","hentry"],"_links":{"self":[{"href":"https:\/\/fcm-principal-site-hnbhb3c8czgzb8fr.westus2-01.azurewebsites.net\/en\/wp-json\/wp\/v2\/pages\/11069","targetHints":{"allow":["GET"]}}],"collection":[{"href":"https:\/\/fcm-principal-site-hnbhb3c8czgzb8fr.westus2-01.azurewebsites.net\/en\/wp-json\/wp\/v2\/pages"}],"about":[{"href":"https:\/\/fcm-principal-site-hnbhb3c8czgzb8fr.westus2-01.azurewebsites.net\/en\/wp-json\/wp\/v2\/types\/page"}],"author":[{"embeddable":true,"href":"https:\/\/fcm-principal-site-hnbhb3c8czgzb8fr.westus2-01.azurewebsites.net\/en\/wp-json\/wp\/v2\/users\/1"}],"replies":[{"embeddable":true,"href":"https:\/\/fcm-principal-site-hnbhb3c8czgzb8fr.westus2-01.azurewebsites.net\/en\/wp-json\/wp\/v2\/comments?post=11069"}],"version-history":[{"count":80,"href":"https:\/\/fcm-principal-site-hnbhb3c8czgzb8fr.westus2-01.azurewebsites.net\/en\/wp-json\/wp\/v2\/pages\/11069\/revisions"}],"predecessor-version":[{"id":13233,"href":"https:\/\/fcm-principal-site-hnbhb3c8czgzb8fr.westus2-01.azurewebsites.net\/en\/wp-json\/wp\/v2\/pages\/11069\/revisions\/13233"}],"wp:attachment":[{"href":"https:\/\/fcm-principal-site-hnbhb3c8czgzb8fr.westus2-01.azurewebsites.net\/en\/wp-json\/wp\/v2\/media?parent=11069"}],"curies":[{"name":"wp","href":"https:\/\/api.w.org\/{rel}","templated":true}]}}