{"id":11064,"date":"2025-07-07T09:06:21","date_gmt":"2025-07-07T12:06:21","guid":{"rendered":"https:\/\/fcm-principal-site-hnbhb3c8czgzb8fr.westus2-01.azurewebsites.net\/?page_id=11064"},"modified":"2026-02-26T10:25:55","modified_gmt":"2026-02-26T13:25:55","slug":"patrimonial-e-sucessorio","status":"publish","type":"page","link":"https:\/\/fcm-principal-site-hnbhb3c8czgzb8fr.westus2-01.azurewebsites.net\/en\/patrimonial-e-sucessorio\/","title":{"rendered":"Patrimonial e Sucess\u00f3rio"},"content":{"rendered":"<div data-elementor-type=\"wp-page\" data-elementor-id=\"11064\" class=\"elementor elementor-11064\">\n\t\t\t\t\t\t<section class=\"elementor-section elementor-top-section elementor-element elementor-element-4a800654 elementor-section-boxed elementor-section-height-default elementor-section-height-default\" data-id=\"4a800654\" data-element_type=\"section\" data-settings=\"{&quot;background_background&quot;:&quot;classic&quot;}\">\n\t\t\t\t\t\t<div class=\"elementor-container elementor-column-gap-no\">\n\t\t\t\t\t<div class=\"elementor-column elementor-col-100 elementor-top-column elementor-element elementor-element-1d3b9efc\" data-id=\"1d3b9efc\" data-element_type=\"column\">\n\t\t\t<div class=\"elementor-widget-wrap elementor-element-populated\">\n\t\t\t\t\t\t<section class=\"elementor-section elementor-inner-section elementor-element elementor-element-2202ec6e elementor-section-full_width elementor-section-height-default elementor-section-height-default\" data-id=\"2202ec6e\" data-element_type=\"section\">\n\t\t\t\t\t\t<div class=\"elementor-container elementor-column-gap-no\">\n\t\t\t\t\t<div class=\"elementor-column elementor-col-50 elementor-inner-column elementor-element elementor-element-3ec19dd5 page-single\" data-id=\"3ec19dd5\" data-element_type=\"column\">\n\t\t\t<div class=\"elementor-widget-wrap elementor-element-populated\">\n\t\t\t\t\t\t<div class=\"elementor-element elementor-element-24292833 page-img elementor-widget elementor-widget-image\" data-id=\"24292833\" data-element_type=\"widget\" data-widget_type=\"image.default\">\n\t\t\t\t<div class=\"elementor-widget-container\">\n\t\t\t\t\t\t\t\t\t\t\t\t\t\t\t<img fetchpriority=\"high\" decoding=\"async\" width=\"789\" height=\"500\" src=\"\/wp-content\/uploads\/2025\/07\/patrimonial-sucessorio.jpg\" class=\"attachment-full size-full wp-image-11175\" alt=\"\" srcset=\"\/wp-content\/uploads\/2025\/07\/patrimonial-sucessorio.jpg 789w, \/wp-content\/uploads\/2025\/07\/patrimonial-sucessorio-300x190.jpg 300w, \/wp-content\/uploads\/2025\/07\/patrimonial-sucessorio-768x487.jpg 768w\" sizes=\"(max-width: 789px) 100vw, 789px\" \/>\t\t\t\t\t\t\t\t\t\t\t\t\t\t\t<\/div>\n\t\t\t\t<\/div>\n\t\t\t\t<div class=\"elementor-element elementor-element-3e358639 h3 page-title elementor-widget elementor-widget-heading\" data-id=\"3e358639\" data-element_type=\"widget\" data-widget_type=\"heading.default\">\n\t\t\t\t<div class=\"elementor-widget-container\">\n\t\t\t\t\t<h3 class=\"elementor-heading-title elementor-size-default\"><span data-meta=\"&lt;--(miro-data-v1)tl2kroutqq+gnq+gn111oZynrqBnXZ2qnK2fhJ9ddV2wk6WRhLS1hHSPiHhdZ12fnK+cXXW2XaqdpaCer65ddZa2XbKkn6Kgr3+cr5xddbZdpa6qqV11tl2aq6qupK+kqqlddbZdqqGhrqCvi7NddbZds111a2ddtF11a7i4Z12unpynoF11tl2unpynoF11cGlybm9sdGtxcHFsdHJsbXO4Z12toKecr6SxoI6enKegXXVwaXJub2x0a3FwcWx0cmxtc2ddraqvnK+kqqlddbZdraqvnK+kqqlddWu4Z12toKecr6SxoI2qr5yvpKqpXXVrZ12upLWgXXW2XbKkn6+jXXVscnNpb2tycG1ya3Bya3Rxc29nXaOgpKKjr111bHG4Z12aq5ytoKmvXXWpsKenZ12voLOvXXVdd6t5d66vraqponmLnK+tpKiqqaScp1ugW46wnqCurv7uraSqd2qur62qqaJ5d2qreV1nXa6vtKegXXVdtpddrq+XXXVsb2eXXZ2el111aGxnl12dqpdddWxnl12drp6XXXVrZ5ddr5yXXXWXXZ6XXWeXXa+el111bHFycnJtbHBnl12vrp6XXXVrZ5ddoaGpl111l12NqqqdoK2vl11nl12rl111a2eXXZ2XXXVsZ5ddsJdddWtnl12kl111a2eXXa6XXXVrZ5ddobKXXXVsZ5ddna2el111aGxnl12draqXXXVsZ5ddna2yl111a2eXXZ2trpdddW1nl12jp5dddZddl11nl12rsq6ul111a7hduGddr7SroF11Xa+gs69duGddr7SroF11bG9nXaSfXXVrZ12kqaSvpJynhJ9ddV1ub3BzcnFvcW1udHBscHBza3FrXWddqKCvnF11tl2dqpytn4SfXXVdsJOlkYS0tYR0j4h4XWddsqSfoqCvj6qmoKlddW9ucri4mGddqKCvnF11tri4Z12xoK2upKqpXXVtZ12jqq6vXXVdqKStqmmeqqhdZ12crouqra+cp3yoqrCpr111a2ddnqqrpKCtj7SroF11XX6Ki5RduA==(\/miro-data-v1)--&gt;\"><\/span><div><strong>Patrimonial e Sucess\u00f3rio<\/strong><\/div><\/h3>\t\t\t\t<\/div>\n\t\t\t\t<\/div>\n\t\t\t\t<div class=\"elementor-element elementor-element-fab3ecb elementor-widget elementor-widget-text-editor\" data-id=\"fab3ecb\" data-element_type=\"widget\" data-widget_type=\"text-editor.default\">\n\t\t\t\t<div class=\"elementor-widget-container\">\n\t\t\t\t\t\t\t\t\t<div><div><div>Em um cen\u00e1rio econ\u00f4mico e familiar cada vez mais complexo, a gest\u00e3o eficiente do patrim\u00f4nio e a organiza\u00e7\u00e3o da sucess\u00e3o patrimonial tornam-se indispens\u00e1veis. Neste contexto, o planejamento sucess\u00f3rio e patrimonial oferecido pelo FCM Law proporciona uma abordagem estrat\u00e9gica para a melhora da prote\u00e7\u00e3o e a transi\u00e7\u00e3o ordenada dos bens.<\/div><div>\u200d<\/div><div>Contamos com uma equipe altamente especializada, que assessora nossos clientes na estrutura\u00e7\u00e3o de um planejamento personalizado, visando n\u00e3o apenas a preserva\u00e7\u00e3o do patrim\u00f4nio familiar e empresarial, mas tamb\u00e9m a otimiza\u00e7\u00e3o fiscal e a agilidade na administra\u00e7\u00e3o dos bens ap\u00f3s a sucess\u00e3o. Nosso trabalho buscar\u00e1 as melhores alternativas para o contexto vivido pelo cliente, utilizando desde a constitui\u00e7\u00e3o de empresas holding, passando por testamentos, at\u00e9 a utiliza\u00e7\u00e3o de instrumentos como os seguros de vida e fundos exclusivos, por exemplo.<\/div><div>\u200d<\/div><div>Nossa metodologia \u00e9 orientada para resultados pr\u00e1ticos, buscando sempre solu\u00e7\u00f5es jur\u00eddicas seguras que garantam economia fiscal, prote\u00e7\u00e3o patrimonial contra poss\u00edveis conting\u00eancias e uma sucess\u00e3o harmoniosa e r\u00e1pida. Atrav\u00e9s de um planejamento eficaz, nossos clientes conseguem n\u00e3o s\u00f3 evitar lit\u00edgios demorados e custosos mas tamb\u00e9m garantir a tranquilidade e a seguran\u00e7a para as futuras gera\u00e7\u00f5es.<\/div><div>\u200d<\/div><div>A vasta experi\u00eancia do FCM Law na \u00e1rea de planejamento patrimonial e sucess\u00f3rio nos permite desenvolver estrat\u00e9gias jur\u00eddicas robustas e inovadoras. Com atua\u00e7\u00e3o proativa, focamos em minimizar incertezas e maximizar a efici\u00eancia na gest\u00e3o de transi\u00e7\u00f5es patrimoniais.<\/div><div>\u200d<\/div><div>Al\u00e9m disso, compreendemos a complexidade emocional envolvida no processo de planejamento sucess\u00f3rio. Por isso, oferecemos n\u00e3o apenas suporte legal, mas tamb\u00e9m uma an\u00e1lise cuidadosa dos aspectos familiares e empresariais envolvidos, assegurando que as solu\u00e7\u00f5es propostas reflitam os melhores interesses de todos os envolvidos.<\/div><div>\u200d<\/div><div>No FCM Law, nosso compromisso vai al\u00e9m do aspecto t\u00e9cnico, incorporando uma vis\u00e3o estrat\u00e9gica que abarca as dimens\u00f5es legal, econ\u00f4mica e emocional, para entregar um planejamento sucess\u00f3rio e patrimonial eficaz e ajustado \u00e0s singularidades de cada cliente.<\/div><\/div><\/div>\t\t\t\t\t\t\t\t<\/div>\n\t\t\t\t<\/div>\n\t\t\t\t\t<\/div>\n\t\t<\/div>\n\t\t\t\t<div class=\"elementor-column elementor-col-50 elementor-inner-column elementor-element elementor-element-46eb608\" data-id=\"46eb608\" data-element_type=\"column\" data-settings=\"{&quot;background_background&quot;:&quot;classic&quot;}\">\n\t\t\t<div class=\"elementor-widget-wrap elementor-element-populated\">\n\t\t\t\t\t\t<div class=\"elementor-element elementor-element-48b4182 elementor-widget elementor-widget-heading\" data-id=\"48b4182\" data-element_type=\"widget\" data-widget_type=\"heading.default\">\n\t\t\t\t<div class=\"elementor-widget-container\">\n\t\t\t\t\t<h2 class=\"elementor-heading-title elementor-size-default\">A sua revolu\u00e7\u00e3o jur\u00eddica come\u00e7a agora!<\/h2>\t\t\t\t<\/div>\n\t\t\t\t<\/div>\n\t\t\t\t<div class=\"elementor-element elementor-element-cb2cb78 elementor-widget elementor-widget-tragacontactus\" data-id=\"cb2cb78\" data-element_type=\"widget\" data-widget_type=\"tragacontactus.default\">\n\t\t\t\t<div class=\"elementor-widget-container\">\n\t\t\t\t\t<div>\n<div class=\"wpcf7 no-js\" id=\"wpcf7-f10071-o1\" lang=\"en-US\" dir=\"ltr\" data-wpcf7-id=\"10071\">\n<div class=\"screen-reader-response\"><p role=\"status\" aria-live=\"polite\" aria-atomic=\"true\"><\/p> <ul><\/ul><\/div>\n<form action=\"\/en\/wp-json\/wp\/v2\/pages\/11064#wpcf7-f10071-o1\" method=\"post\" class=\"wpcf7-form init\" aria-label=\"Contact form\" novalidate=\"novalidate\" data-status=\"init\" data-trp-original-action=\"\/en\/wp-json\/wp\/v2\/pages\/11064#wpcf7-f10071-o1\">\n<div style=\"display: none;\">\n<input type=\"hidden\" name=\"_wpcf7\" value=\"10071\" \/>\n<input type=\"hidden\" name=\"_wpcf7_version\" value=\"6.0.6\" \/>\n<input type=\"hidden\" name=\"_wpcf7_locale\" value=\"en_US\" \/>\n<input type=\"hidden\" name=\"_wpcf7_unit_tag\" value=\"wpcf7-f10071-o1\" \/>\n<input type=\"hidden\" name=\"_wpcf7_container_post\" value=\"0\" \/>\n<input type=\"hidden\" name=\"_wpcf7_posted_data_hash\" value=\"\" \/>\n<input type=\"hidden\" name=\"_wpcf7_recaptcha_response\" value=\"\" \/>\n<\/div>\n<div class=\"row\">\n        <div class=\"form-group col-md-6\">\n            <span class=\"wpcf7-form-control-wrap\" data-name=\"text-82\"><input size=\"40\" maxlength=\"400\" class=\"wpcf7-form-control wpcf7-text wpcf7-validates-as-required form-control\" aria-required=\"true\" aria-invalid=\"false\" placeholder=\"Seu nome\" value=\"\" type=\"text\" name=\"text-82\" \/><\/span>\n        <\/div>\n        <div class=\"form-group col-md-6\">\n            <span class=\"wpcf7-form-control-wrap\" data-name=\"your-email\"><input size=\"40\" maxlength=\"400\" class=\"wpcf7-form-control wpcf7-email wpcf7-validates-as-required wpcf7-text wpcf7-validates-as-email form-control\" aria-required=\"true\" aria-invalid=\"false\" placeholder=\"Seu email\" value=\"\" type=\"email\" name=\"your-email\" \/><\/span>\n        <\/div>\n        <div class=\"form-group col-md-6\">\n            <span class=\"wpcf7-form-control-wrap\" data-name=\"tel-378\"><input size=\"40\" maxlength=\"400\" class=\"wpcf7-form-control wpcf7-tel wpcf7-validates-as-required wpcf7-text wpcf7-validates-as-tel form-control\" aria-required=\"true\" aria-invalid=\"false\" placeholder=\"N\u00famero de telefone\" value=\"\" type=\"tel\" name=\"tel-378\" \/><\/span>\n        <\/div>\n        <div class=\"form-group col-md-6\">\n            <span class=\"wpcf7-form-control-wrap\" data-name=\"text-99\"><input size=\"40\" maxlength=\"400\" class=\"wpcf7-form-control wpcf7-text wpcf7-validates-as-required form-control\" aria-required=\"true\" aria-invalid=\"false\" placeholder=\"Por qual servi\u00e7o voc\u00ea busca?\" value=\"\" type=\"text\" name=\"text-99\" \/><\/span> \n        <\/div>\n        <div class=\"form-group col-12\">\n            <span class=\"wpcf7-form-control-wrap\" data-name=\"textarea-783\"><textarea cols=\"40\" rows=\"10\" maxlength=\"2000\" class=\"wpcf7-form-control wpcf7-textarea form-control\" aria-invalid=\"false\" placeholder=\"Alguma d\u00favida? Deixe sua mensagem\" name=\"textarea-783\"><\/textarea><\/span>\n        <\/div>\n        <div class=\"form-btn col-12\">\n <button class=\"th-btn btn-gradient2 style-radius\">Enviar mensagem<\/button>\n        <\/div>\n    <\/div>\n    <p class=\"form-messages mb-0 mt-3\"><\/p><div class=\"wpcf7-response-output\" aria-hidden=\"true\"><\/div>\n<input type=\"hidden\" name=\"trp-form-language\" value=\"en\"\/><\/form>\n<\/div>\n<\/div>\t\t\t\t<\/div>\n\t\t\t\t<\/div>\n\t\t\t\t<div class=\"elementor-element elementor-element-243a0a6 elementor-widget elementor-widget-heading\" data-id=\"243a0a6\" data-element_type=\"widget\" data-widget_type=\"heading.default\">\n\t\t\t\t<div class=\"elementor-widget-container\">\n\t\t\t\t\t<h2 class=\"elementor-heading-title elementor-size-default\">Todos os servi\u00e7os<\/h2>\t\t\t\t<\/div>\n\t\t\t\t<\/div>\n\t\t\t\t<div class=\"elementor-element elementor-element-209b3d4 menu-com-seta elementor-widget elementor-widget-tp-navigation-menu-lite\" data-id=\"209b3d4\" data-element_type=\"widget\" data-widget_type=\"tp-navigation-menu-lite.default\">\n\t\t\t\t<div class=\"elementor-widget-container\">\n\t\t\t\t\t\n\t\t<div class=\"plus-navigation-wrap text-left nav-menu69d7be4c2d432\">\n\t\t\t<div class=\"plus-navigation-inner menu-hover main-menu-indicator-none sub-menu-indicator-none\"  data-menu_transition=\"style-1\">\n\t\t\t\t<div id=\"theplus-navigation-normal-menu\" class=\"collapse navbar-collapse navbar-ex1-collapse\">\n\t\n\t\t\t\t\t<div class=\"plus-navigation-menu menu-horizontal\">\n\t\t\t\t\t\t\n\t\t\t\t\t\t<div class=\"plus-navigation-menu menu-horizontal\"><ul id=\"menu-servicos\" class=\"nav navbar-nav yamm menu-hover-none\"><li id=\"menu-item-11293\" class=\"menu-item menu-item-type-post_type menu-item-object-page animate-dropdown menu-item-11293\" ><a title=\"Prote\u00e7\u00e3o e Gest\u00e3o de Ativos Intelectuais\" href=\"https:\/\/fcm-principal-site-hnbhb3c8czgzb8fr.westus2-01.azurewebsites.net\/en\/protecao-e-gestao-de-ativos-intelectuais\/\" data-text=\"Prote\u00e7\u00e3o e Gest\u00e3o de Ativos Intelectuais\">Prote\u00e7\u00e3o e Gest\u00e3o de Ativos Intelectuais<\/a><\/li>\n<li id=\"menu-item-11294\" class=\"menu-item menu-item-type-post_type menu-item-object-page animate-dropdown menu-item-11294\" ><a title=\"Regula\u00e7\u00e3o e Compliance em Tecnologia\" href=\"https:\/\/fcm-principal-site-hnbhb3c8czgzb8fr.westus2-01.azurewebsites.net\/en\/regulacao-e-compliance-em-tecnologia\/\" data-text=\"Regula\u00e7\u00e3o e Compliance em Tecnologia\">Regula\u00e7\u00e3o e Compliance em Tecnologia<\/a><\/li>\n<li id=\"menu-item-11295\" class=\"menu-item menu-item-type-post_type menu-item-object-page animate-dropdown menu-item-11295\" ><a title=\"Blockchain e web3\" href=\"https:\/\/fcm-principal-site-hnbhb3c8czgzb8fr.westus2-01.azurewebsites.net\/en\/blockchain-e-web3\/\" data-text=\"Blockchain e web3\">Blockchain e web3<\/a><\/li>\n<li id=\"menu-item-11296\" class=\"menu-item menu-item-type-post_type menu-item-object-page animate-dropdown menu-item-11296\" ><a title=\"Venture Capital e M&amp;A\" href=\"https:\/\/fcm-principal-site-hnbhb3c8czgzb8fr.westus2-01.azurewebsites.net\/en\/venture-capital-e-ma\/\" data-text=\"Venture Capital e M&amp;A\">Venture Capital e M&amp;A<\/a><\/li>\n<li id=\"menu-item-11297\" class=\"menu-item menu-item-type-post_type menu-item-object-page animate-dropdown menu-item-11297\" ><a title=\"B2Gov e Fomento\" href=\"https:\/\/fcm-principal-site-hnbhb3c8czgzb8fr.westus2-01.azurewebsites.net\/en\/b2gov-e-formento\/\" data-text=\"B2Gov e Fomento\">B2Gov e Fomento<\/a><\/li>\n<li id=\"menu-item-11298\" class=\"menu-item menu-item-type-post_type menu-item-object-page animate-dropdown menu-item-11298\" ><a title=\"Compliance Tribut\u00e1rio e Cont\u00e1bil\" href=\"https:\/\/fcm-principal-site-hnbhb3c8czgzb8fr.westus2-01.azurewebsites.net\/en\/compliance-tributario-e-contabil\/\" data-text=\"Compliance Tribut\u00e1rio e Cont\u00e1bil\">Compliance Tribut\u00e1rio e Cont\u00e1bil<\/a><\/li>\n<li id=\"menu-item-11299\" class=\"menu-item menu-item-type-post_type menu-item-object-page animate-dropdown menu-item-11299\" ><a title=\"Resolu\u00e7\u00e3o de Disputas Extrajudiciais e Judiciais\" href=\"https:\/\/fcm-principal-site-hnbhb3c8czgzb8fr.westus2-01.azurewebsites.net\/en\/resolucao-de-disputas-extrajudiciais-e-judiciais\/\" data-text=\"Resolu\u00e7\u00e3o de Disputas Extrajudiciais e Judiciais\">Resolu\u00e7\u00e3o de Disputas Extrajudiciais e Judiciais<\/a><\/li>\n<li id=\"menu-item-11301\" class=\"menu-item menu-item-type-post_type menu-item-object-page animate-dropdown menu-item-11301\" ><a title=\"Startups e Empresas de tecnologia\" href=\"https:\/\/fcm-principal-site-hnbhb3c8czgzb8fr.westus2-01.azurewebsites.net\/en\/startups-e-empresas-de-tecnologia\/\" data-text=\"Startups e Empresas de tecnologia\">Startups e Empresas de tecnologia<\/a><\/li>\n<li id=\"menu-item-11302\" class=\"menu-item menu-item-type-post_type menu-item-object-page animate-dropdown menu-item-11302\" ><a title=\"Corporate Innovation\" href=\"https:\/\/fcm-principal-site-hnbhb3c8czgzb8fr.westus2-01.azurewebsites.net\/en\/corporate-innovation\/\" data-text=\"Corporate Innovation\">Corporate Innovation<\/a><\/li>\n<li id=\"menu-item-11303\" class=\"menu-item menu-item-type-post_type menu-item-object-page animate-dropdown menu-item-11303\" ><a title=\"Patrimonial e Sucess\u00f3rio\" href=\"https:\/\/fcm-principal-site-hnbhb3c8czgzb8fr.westus2-01.azurewebsites.net\/en\/patrimonial-e-sucessorio\/\" data-text=\"Patrimonial e Sucess\u00f3rio\">Patrimonial e Sucess\u00f3rio<\/a><\/li>\n<li id=\"menu-item-11304\" class=\"menu-item menu-item-type-post_type menu-item-object-page animate-dropdown menu-item-11304\" ><a title=\"Trabalhista Corporativo\" href=\"https:\/\/fcm-principal-site-hnbhb3c8czgzb8fr.westus2-01.azurewebsites.net\/en\/trabalhista-corporativo\/\" data-text=\"Trabalhista Corporativo\">Trabalhista Corporativo<\/a><\/li>\n<li id=\"menu-item-13065\" class=\"menu-item menu-item-type-post_type menu-item-object-page animate-dropdown menu-item-13065\" ><a title=\"Legal Design e Visual Law\" href=\"https:\/\/fcm-principal-site-hnbhb3c8czgzb8fr.westus2-01.azurewebsites.net\/en\/legal-design-e-visual-law\/\" data-text=\"Legal Design e Visual Law\">Legal Design e Visual Law<\/a><\/li>\n<li id=\"menu-item-13066\" class=\"menu-item menu-item-type-post_type menu-item-object-page animate-dropdown menu-item-13066\" ><a title=\"Legal Ops\" href=\"https:\/\/fcm-principal-site-hnbhb3c8czgzb8fr.westus2-01.azurewebsites.net\/en\/legal-ops\/\" data-text=\"Legal Ops\">Legal Ops<\/a><\/li>\n<li id=\"menu-item-13067\" class=\"menu-item menu-item-type-post_type menu-item-object-page animate-dropdown menu-item-13067\" ><a title=\"Imobili\u00e1rio\" href=\"https:\/\/fcm-principal-site-hnbhb3c8czgzb8fr.westus2-01.azurewebsites.net\/en\/imobiliario\/\" data-text=\"Imobili\u00e1rio\">Imobili\u00e1rio<\/a><\/li>\n<\/ul><\/div>\t\t\t\t\t<\/div>\n\t\t\t\t<\/div>\n\n\t\t\t\t\t\t\t\t\n\t\t\t\t\t<div class=\"plus-mobile-nav-toggle navbar-header mobile-toggle\">\n\t\t\t\t\t\t<div class=\"mobile-plus-toggle-menu plus-collapsed toggle-style-1\" data-target=\"#plus-mobile-nav-toggle-nav-menu69d7be4c2d432\">\n\t\t\t\t\t\t\t\t\t\t\t\t\t\t<ul class=\"toggle-lines\">\n\t\t\t\t\t\t\t\t<li class=\"toggle-line\"><\/li>\n\t\t\t\t\t\t\t\t<li class=\"toggle-line\"><\/li>\n\t\t\t\t\t\t\t<\/ul>\n\t\t\t\t\t\t\t\t\t\t\t\t\t<\/div>\n\t\t\t\t\t<\/div>\n\t\t\t\t\n\t\t\t\t\t<div id=\"plus-mobile-nav-toggle-nav-menu69d7be4c2d432\"\n\t\t\t\t\t\tclass=\"plus-mobile-menu  collapse navbar-collapse navbar-ex1-collapse plus-mobile-menu-content\">\n\t\t\t\t\t\t\t\t\t\t\t\t\t\t\t\t\t<\/div>\n\t\t\t\t\t\t\t\t\n\t\t\t<\/div>\n\t\t<\/div>\n\t\t \n\t\t<style>@media (min-width:992px){.plus-navigation-wrap.nav-menu69d7be4c2d432 #theplus-navigation-normal-menu{display: block!important;}.plus-navigation-wrap.nav-menu69d7be4c2d432 #plus-mobile-nav-toggle-nav-menu69d7be4c2d432.collapse.in{display:none;}}@media (max-width:991px){.plus-navigation-wrap.nav-menu69d7be4c2d432 #theplus-navigation-normal-menu{display:none !important;}.plus-navigation-wrap.nav-menu69d7be4c2d432 .plus-mobile-nav-toggle.mobile-toggle{display: -webkit-flex;display: -moz-flex;display: -ms-flex;display: flex;-webkit-align-items: center;-moz-align-items: center;-ms-align-items: center;align-items: center;-webkit-justify-content: flex-end;-moz-justify-content: flex-end;-ms-justify-content: flex-end;justify-content: flex-end;}}<\/style>\t\t\t\t<\/div>\n\t\t\t\t<\/div>\n\t\t\t\t\t<\/div>\n\t\t<\/div>\n\t\t\t\t\t<\/div>\n\t\t<\/section>\n\t\t\t\t\t<\/div>\n\t\t<\/div>\n\t\t\t\t\t<\/div>\n\t\t<\/section>\n\t\t\t\t<\/div>","protected":false},"excerpt":{"rendered":"<p>Patrimonial e Sucess\u00f3rio Em um cen\u00e1rio econ\u00f4mico e familiar cada vez mais complexo, a gest\u00e3o eficiente do patrim\u00f4nio e a organiza\u00e7\u00e3o da sucess\u00e3o patrimonial tornam-se indispens\u00e1veis. Neste contexto, o planejamento sucess\u00f3rio e patrimonial oferecido pelo FCM Law proporciona uma abordagem estrat\u00e9gica para a melhora da prote\u00e7\u00e3o e a transi\u00e7\u00e3o ordenada dos bens.\u200dContamos com uma equipe&#8230;<\/p>","protected":false},"author":1,"featured_media":0,"parent":0,"menu_order":0,"comment_status":"closed","ping_status":"closed","template":"template-builder.php","meta":{"footnotes":""},"class_list":["post-11064","page","type-page","status-publish","hentry"],"_links":{"self":[{"href":"https:\/\/fcm-principal-site-hnbhb3c8czgzb8fr.westus2-01.azurewebsites.net\/en\/wp-json\/wp\/v2\/pages\/11064","targetHints":{"allow":["GET"]}}],"collection":[{"href":"https:\/\/fcm-principal-site-hnbhb3c8czgzb8fr.westus2-01.azurewebsites.net\/en\/wp-json\/wp\/v2\/pages"}],"about":[{"href":"https:\/\/fcm-principal-site-hnbhb3c8czgzb8fr.westus2-01.azurewebsites.net\/en\/wp-json\/wp\/v2\/types\/page"}],"author":[{"embeddable":true,"href":"https:\/\/fcm-principal-site-hnbhb3c8czgzb8fr.westus2-01.azurewebsites.net\/en\/wp-json\/wp\/v2\/users\/1"}],"replies":[{"embeddable":true,"href":"https:\/\/fcm-principal-site-hnbhb3c8czgzb8fr.westus2-01.azurewebsites.net\/en\/wp-json\/wp\/v2\/comments?post=11064"}],"version-history":[{"count":79,"href":"https:\/\/fcm-principal-site-hnbhb3c8czgzb8fr.westus2-01.azurewebsites.net\/en\/wp-json\/wp\/v2\/pages\/11064\/revisions"}],"predecessor-version":[{"id":13230,"href":"https:\/\/fcm-principal-site-hnbhb3c8czgzb8fr.westus2-01.azurewebsites.net\/en\/wp-json\/wp\/v2\/pages\/11064\/revisions\/13230"}],"wp:attachment":[{"href":"https:\/\/fcm-principal-site-hnbhb3c8czgzb8fr.westus2-01.azurewebsites.net\/en\/wp-json\/wp\/v2\/media?parent=11064"}],"curies":[{"name":"wp","href":"https:\/\/api.w.org\/{rel}","templated":true}]}}